{"id":268,"date":"2018-08-05T09:22:21","date_gmt":"2018-08-05T09:22:21","guid":{"rendered":"http:\/\/vista3d.org\/vista3d\/about-us\/"},"modified":"2023-02-23T11:30:49","modified_gmt":"2023-02-23T11:30:49","slug":"acerca-de-nos","status":"publish","type":"page","link":"http:\/\/vista3d.org\/vista3d\/acerca-de-nos\/","title":{"rendered":"Acerca de N\u00f3s"},"content":{"rendered":"\t\t<div data-elementor-type=\"wp-post\" data-elementor-id=\"268\" class=\"elementor elementor-268\">\n\t\t\t\t\t\t<section class=\"elementor-section elementor-top-section elementor-element elementor-element-3f0d4c9 elementor-section-boxed elementor-section-height-default elementor-section-height-default\" data-id=\"3f0d4c9\" data-element_type=\"section\" data-e-type=\"section\">\n\t\t\t\t\t\t<div class=\"elementor-container elementor-column-gap-extended\">\n\t\t\t\t\t<div class=\"aux-parallax-section elementor-column elementor-col-33 elementor-top-column elementor-element elementor-element-d740a0c aux-appear-watch-animation aux-fade-in-left-1\" data-id=\"d740a0c\" data-element_type=\"column\" data-e-type=\"column\">\n\t\t\t<div class=\"elementor-widget-wrap\">\n\t\t\t\t\t\t\t<\/div>\n\t\t<\/div>\n\t\t\t\t<div class=\"aux-parallax-section elementor-column elementor-col-33 elementor-top-column elementor-element elementor-element-87135e9\" data-id=\"87135e9\" data-element_type=\"column\" data-e-type=\"column\">\n\t\t\t<div class=\"elementor-widget-wrap\">\n\t\t\t\t\t\t\t<\/div>\n\t\t<\/div>\n\t\t\t\t<div class=\"aux-parallax-section elementor-column elementor-col-33 elementor-top-column elementor-element elementor-element-ec6c037 aux-appear-watch-animation aux-fade-in-right-1\" data-id=\"ec6c037\" data-element_type=\"column\" data-e-type=\"column\">\n\t\t\t<div class=\"elementor-widget-wrap\">\n\t\t\t\t\t\t\t<\/div>\n\t\t<\/div>\n\t\t\t\t\t<\/div>\n\t\t<\/section>\n\t\t\t\t<section class=\"elementor-section elementor-top-section elementor-element elementor-element-2b9d76b elementor-section-boxed elementor-section-height-default elementor-section-height-default\" data-id=\"2b9d76b\" data-element_type=\"section\" data-e-type=\"section\">\n\t\t\t\t\t\t<div class=\"elementor-container elementor-column-gap-default\">\n\t\t\t\t\t<div class=\"aux-parallax-section elementor-column elementor-col-100 elementor-top-column elementor-element elementor-element-aba92d5\" data-id=\"aba92d5\" data-element_type=\"column\" data-e-type=\"column\">\n\t\t\t<div class=\"elementor-widget-wrap elementor-element-populated\">\n\t\t\t\t\t\t<div class=\"elementor-element elementor-element-a99c625 aux-appear-watch-animation aux-scale-up elementor-widget elementor-widget-aux_staff\" data-id=\"a99c625\" data-element_type=\"widget\" data-e-type=\"widget\" data-widget_type=\"aux_staff.default\">\n\t\t\t\t<div class=\"elementor-widget-container\">\n\t\t\t\t\t<section class=\"aux-wrap-style-simple widget-container aux-widget-staff aux-parent-au47a2892c\">    <div class=\"aux-staff-container aux-staff-pos-top aux-staff-text-center aux-staff-text-dark \" >\n            <div class=\"aux-staff-header aux-staff-img-rect\">\n            <div class=\"aux-media-image\"><img fetchpriority=\"high\" decoding=\"async\" width=\"254\" height=\"326\" src=\"image\/gif;base64,R0lGODlhAQABAIAAAAAAAP\/\/\/yH5BAEAAAAALAAAAAABAAEAAAIBRAA7\" class=\" aux-preload aux-blank\" alt=\"P13_254_326\" data-ratio=\"0.78\" data-original-w=\"254\" data-src=\"http:\/\/vista3d.org\/vista3d\/wp-content\/uploads\/2020\/07\/P13_254_326.jpg\" \/><\/div>        <\/div>\n            <div class=\"aux-staff-content\">\n                        <h4 class=\"col-title\">Paulo Barbosa<\/h4>\n                        <h5 class=\"col-subtitle\">Art Director<\/h5>\n                    <\/div>\n\n    <\/div>\n\n\n<\/section><!-- widget-container -->\t\t\t\t<\/div>\n\t\t\t\t<\/div>\n\t\t\t\t<div class=\"elementor-element elementor-element-9835e81 elementor-widget elementor-widget-aux_divider\" data-id=\"9835e81\" data-element_type=\"widget\" data-e-type=\"widget\" data-widget_type=\"aux_divider.default\">\n\t\t\t\t<div class=\"elementor-widget-container\">\n\t\t\t\t\t<hr class=\"aux-divider-center aux-divider-align-center\" >\t\t\t\t<\/div>\n\t\t\t\t<\/div>\n\t\t\t\t\t<\/div>\n\t\t<\/div>\n\t\t\t\t\t<\/div>\n\t\t<\/section>\n\t\t\t\t<section class=\"elementor-section elementor-top-section elementor-element elementor-element-f5f2762 elementor-section-boxed elementor-section-height-default elementor-section-height-default\" data-id=\"f5f2762\" data-element_type=\"section\" data-e-type=\"section\">\n\t\t\t\t\t\t<div class=\"elementor-container elementor-column-gap-default\">\n\t\t\t\t\t<div class=\"aux-parallax-section elementor-column elementor-col-100 elementor-top-column elementor-element elementor-element-98fb87f\" data-id=\"98fb87f\" data-element_type=\"column\" data-e-type=\"column\">\n\t\t\t<div class=\"elementor-widget-wrap elementor-element-populated\">\n\t\t\t\t\t\t<div class=\"elementor-element elementor-element-2438a6f aux-appear-watch-animation aux-scale-down elementor-widget elementor-widget-aux_modern_heading\" data-id=\"2438a6f\" data-element_type=\"widget\" data-e-type=\"widget\" data-widget_type=\"aux_modern_heading.default\">\n\t\t\t\t<div class=\"elementor-widget-container\">\n\t\t\t\t\t<section class=\"aux-widget-modern-heading\">\n            <div class=\"aux-widget-inner\"><h2 class=\"aux-modern-heading-primary\">Concretizamos as suas ideias.\n<\/h2><div class=\"aux-modern-heading-description\"><p>Forma\u00e7\u00e3o acad\u00e9mica em Engenharia Multim\u00e9dia.\u00a0 Trabalha desde 1998 em infografia para arquitectura, arqueologia, industria e publicidade entre outras.<\/p><p>O webdesign surgiu como actividade complementar\u00a0 mas \u00e9 onde actualmente mais actividade desenvolvo.<\/p><p>Paubar at Gmail.com<\/p><\/div><\/div>\n        <\/section>\t\t\t\t<\/div>\n\t\t\t\t<\/div>\n\t\t\t\t<div class=\"elementor-element elementor-element-360dc0d elementor-widget-divider--view-line elementor-widget elementor-widget-divider\" data-id=\"360dc0d\" data-element_type=\"widget\" data-e-type=\"widget\" data-widget_type=\"divider.default\">\n\t\t\t\t<div class=\"elementor-widget-container\">\n\t\t\t\t\t\t\t<div class=\"elementor-divider\">\n\t\t\t<span class=\"elementor-divider-separator\">\n\t\t\t\t\t\t<\/span>\n\t\t<\/div>\n\t\t\t\t\t\t<\/div>\n\t\t\t\t<\/div>\n\t\t\t\t\t<\/div>\n\t\t<\/div>\n\t\t\t\t\t<\/div>\n\t\t<\/section>\n\t\t\t\t<section class=\"elementor-section elementor-inner-section elementor-element elementor-element-efb28fc elementor-section-content-middle elementor-section-boxed elementor-section-height-default elementor-section-height-default\" data-id=\"efb28fc\" data-element_type=\"section\" data-e-type=\"section\">\n\t\t\t\t\t\t<div class=\"elementor-container elementor-column-gap-default\">\n\t\t\t\t\t<div class=\"aux-parallax-section elementor-column elementor-col-25 elementor-inner-column elementor-element elementor-element-77bbc32\" data-id=\"77bbc32\" data-element_type=\"column\" data-e-type=\"column\">\n\t\t\t<div class=\"elementor-widget-wrap elementor-element-populated\">\n\t\t\t\t\t\t<div class=\"elementor-element elementor-element-f6950cd aux-appear-watch-animation aux-fade-in-right-1 elementor-widget elementor-widget-aux_image\" data-id=\"f6950cd\" data-element_type=\"widget\" data-e-type=\"widget\" data-widget_type=\"aux_image.default\">\n\t\t\t\t<div class=\"elementor-widget-container\">\n\t\t\t\t\t<section class=\"widget-container aux-widget-image aux-alignnone aux-parent-aucc7ab881\">\n    <div class=\"aux-media-hint-frame \">\n        <div class=\"aux-media-image \" >\n        \n            \n\n            \n                        \n                <\/div>\n    <\/div>\n\n<\/section><!-- widget-container -->\t\t\t\t<\/div>\n\t\t\t\t<\/div>\n\t\t\t\t\t<\/div>\n\t\t<\/div>\n\t\t\t\t<div class=\"aux-parallax-section elementor-column elementor-col-25 elementor-inner-column elementor-element elementor-element-16f0ad2\" data-id=\"16f0ad2\" data-element_type=\"column\" data-e-type=\"column\">\n\t\t\t<div class=\"elementor-widget-wrap elementor-element-populated\">\n\t\t\t\t\t\t<div class=\"elementor-element elementor-element-47611b4 aux-appear-watch-animation aux-fade-in-right-1 elementor-widget elementor-widget-aux_image\" data-id=\"47611b4\" data-element_type=\"widget\" data-e-type=\"widget\" data-widget_type=\"aux_image.default\">\n\t\t\t\t<div class=\"elementor-widget-container\">\n\t\t\t\t\t<section class=\"widget-container aux-widget-image aux-alignnone aux-parent-au98a17334\">\n    <div class=\"aux-media-hint-frame \">\n        <div class=\"aux-media-image \" >\n        \n            \n\n            \n                        \n                <\/div>\n    <\/div>\n\n<\/section><!-- widget-container -->\t\t\t\t<\/div>\n\t\t\t\t<\/div>\n\t\t\t\t\t<\/div>\n\t\t<\/div>\n\t\t\t\t<div class=\"aux-parallax-section elementor-column elementor-col-25 elementor-inner-column elementor-element elementor-element-d5b6bb0\" data-id=\"d5b6bb0\" data-element_type=\"column\" data-e-type=\"column\">\n\t\t\t<div class=\"elementor-widget-wrap elementor-element-populated\">\n\t\t\t\t\t\t<div class=\"elementor-element elementor-element-2879177 aux-appear-watch-animation aux-fade-in-right-1 elementor-widget elementor-widget-aux_image\" data-id=\"2879177\" data-element_type=\"widget\" data-e-type=\"widget\" data-widget_type=\"aux_image.default\">\n\t\t\t\t<div class=\"elementor-widget-container\">\n\t\t\t\t\t<section class=\"widget-container aux-widget-image aux-alignnone aux-parent-au6810cde1\">\n    <div class=\"aux-media-hint-frame \">\n        <div class=\"aux-media-image \" >\n        \n            \n\n            \n                        \n                <\/div>\n    <\/div>\n\n<\/section><!-- widget-container -->\t\t\t\t<\/div>\n\t\t\t\t<\/div>\n\t\t\t\t\t<\/div>\n\t\t<\/div>\n\t\t\t\t<div class=\"aux-parallax-section elementor-column elementor-col-25 elementor-inner-column elementor-element elementor-element-30c8cf9\" data-id=\"30c8cf9\" data-element_type=\"column\" data-e-type=\"column\">\n\t\t\t<div class=\"elementor-widget-wrap elementor-element-populated\">\n\t\t\t\t\t\t<div class=\"elementor-element elementor-element-7e1500c aux-appear-watch-animation aux-fade-in-right-1 elementor-widget elementor-widget-aux_image\" data-id=\"7e1500c\" data-element_type=\"widget\" data-e-type=\"widget\" data-widget_type=\"aux_image.default\">\n\t\t\t\t<div class=\"elementor-widget-container\">\n\t\t\t\t\t<section class=\"widget-container aux-widget-image aux-alignnone aux-parent-au1b7e1b1f\">\n    <div class=\"aux-media-hint-frame \">\n        <div class=\"aux-media-image \" >\n        \n            \n\n            \n                        \n                <\/div>\n    <\/div>\n\n<\/section><!-- widget-container -->\t\t\t\t<\/div>\n\t\t\t\t<\/div>\n\t\t\t\t\t<\/div>\n\t\t<\/div>\n\t\t\t\t\t<\/div>\n\t\t<\/section>\n\t\t\t\t<section class=\"elementor-section elementor-inner-section elementor-element elementor-element-f307254 elementor-section-content-middle elementor-section-boxed elementor-section-height-default elementor-section-height-default\" data-id=\"f307254\" data-element_type=\"section\" data-e-type=\"section\">\n\t\t\t\t\t\t<div class=\"elementor-container elementor-column-gap-default\">\n\t\t\t\t\t<div class=\"aux-parallax-section elementor-column elementor-col-25 elementor-inner-column elementor-element elementor-element-38f2b7c\" data-id=\"38f2b7c\" data-element_type=\"column\" data-e-type=\"column\">\n\t\t\t<div class=\"elementor-widget-wrap\">\n\t\t\t\t\t\t\t<\/div>\n\t\t<\/div>\n\t\t\t\t<div class=\"aux-parallax-section elementor-column elementor-col-25 elementor-inner-column elementor-element elementor-element-6a41c34\" data-id=\"6a41c34\" data-element_type=\"column\" data-e-type=\"column\">\n\t\t\t<div class=\"elementor-widget-wrap\">\n\t\t\t\t\t\t\t<\/div>\n\t\t<\/div>\n\t\t\t\t<div class=\"aux-parallax-section elementor-column elementor-col-25 elementor-inner-column elementor-element elementor-element-afa50f9\" data-id=\"afa50f9\" data-element_type=\"column\" data-e-type=\"column\">\n\t\t\t<div class=\"elementor-widget-wrap\">\n\t\t\t\t\t\t\t<\/div>\n\t\t<\/div>\n\t\t\t\t<div class=\"aux-parallax-section elementor-column elementor-col-25 elementor-inner-column elementor-element elementor-element-11214b2\" data-id=\"11214b2\" data-element_type=\"column\" data-e-type=\"column\">\n\t\t\t<div class=\"elementor-widget-wrap\">\n\t\t\t\t\t\t\t<\/div>\n\t\t<\/div>\n\t\t\t\t\t<\/div>\n\t\t<\/section>\n\t\t\t\t<\/div>\n\t\t","protected":false},"excerpt":{"rendered":"<p>Paulo Barbosa Art Director Concretizamos as suas ideias. Forma\u00e7\u00e3o acad\u00e9mica em Engenharia Multim\u00e9dia.\u00a0 Trabalha desde 1998 em infografia para arquitectura, arqueologia, industria e publicidade entre outras. O webdesign surgiu como actividade complementar\u00a0 mas \u00e9 onde actualmente mais actividade desenvolvo. Paubar at Gmail.com<\/p>\n","protected":false},"author":1,"featured_media":0,"parent":0,"menu_order":0,"comment_status":"closed","ping_status":"closed","template":"templates\/page-builder-content.php","meta":{"footnotes":""},"class_list":["post-268","page","type-page","status-publish","hentry"],"_links":{"self":[{"href":"http:\/\/vista3d.org\/vista3d\/wp-json\/wp\/v2\/pages\/268","targetHints":{"allow":["GET"]}}],"collection":[{"href":"http:\/\/vista3d.org\/vista3d\/wp-json\/wp\/v2\/pages"}],"about":[{"href":"http:\/\/vista3d.org\/vista3d\/wp-json\/wp\/v2\/types\/page"}],"author":[{"embeddable":true,"href":"http:\/\/vista3d.org\/vista3d\/wp-json\/wp\/v2\/users\/1"}],"replies":[{"embeddable":true,"href":"http:\/\/vista3d.org\/vista3d\/wp-json\/wp\/v2\/comments?post=268"}],"version-history":[{"count":12,"href":"http:\/\/vista3d.org\/vista3d\/wp-json\/wp\/v2\/pages\/268\/revisions"}],"predecessor-version":[{"id":444,"href":"http:\/\/vista3d.org\/vista3d\/wp-json\/wp\/v2\/pages\/268\/revisions\/444"}],"wp:attachment":[{"href":"http:\/\/vista3d.org\/vista3d\/wp-json\/wp\/v2\/media?parent=268"}],"curies":[{"name":"wp","href":"https:\/\/api.w.org\/{rel}","templated":true}]}}